{"id":23287,"date":"2023-07-18T16:53:27","date_gmt":"2023-07-18T14:53:27","guid":{"rendered":"http:\/\/lupakmetal-blog.sfumature.agency\/homepage-2-3\/"},"modified":"2025-02-05T12:07:12","modified_gmt":"2025-02-05T11:07:12","slug":"homepage-2-3","status":"publish","type":"page","link":"https:\/\/blog.lupakmetal.com\/es\/","title":{"rendered":"Homepage"},"content":{"rendered":"<section class=\"vc_row wpb_row vc_row-fluid  vc_custom_1694590538757 pofo-row-responsive-69e043bd87196\"><div class=\"wpb_column vc_column_container vc_col-sm-12  col-xs-mobile-fullwidth\"><div class=\"vc_column-inner \"><div class=\"wpb_wrapper\"><div class=\"vc_row wpb_row vc_inner vc_row-fluid  vc_custom_1694595222649 vc_row-has-fill pofo-inner-row-responsive-69e043bd8740c\"><div class=\"wpb_column vc_column_container vc_col-has-fill vc_col-sm-3  col-xs-mobile-fullwidth pofo-column-responsive-69e043bd87558\"><div class=\"vc_column-inner vc_custom_1694618368146\"><div class=\"wpb_wrapper\"><span class=\"text-extra-dark-gray margin-20px-bottom font-weight-600 font_custom_h display-inline-block alt-font heading-style2  heading-1\"  style=\"font-size: 30px; line-height: 35px; color: #000000;\" data-fontsize=\"30px\" data-lineheight=\"35px\"><strong>Lupak Metal: excelencia hecha en Italia<\/strong><\/span><div class=\"font_custom_p  vc_custom_1695029539353 last-paragraph-no-margin\"><p style=\"text-align: left;\">Las persianas son elementos arquitect\u00f3nicos que suelen aplicarse a las fachadas de los edificios con la funci\u00f3n de apantallar los rayos del sol,&#8230;<\/p>\n<\/div><a  href=\"\/es\/lupak-metal-excelencia-hecha-en-italia\/\" target=\"_self\" class=\"btn button_oro pofo-button-1 button-style9  btn-link text-extra-dark-gray text-deep-pink-hover  vc_custom_1695029579713\"  style=\"color:#baa164;  border-color:#baa164; \">Sigue leyendo<\/a>[vc_separator color=\u00bbcustom\u00bb accent_color=\u00bbrgba(28,28,28,0.37)\u00bb]<span class=\"text-extra-large margin-25px-bottom font_custom_h display-block alt-font heading-style3  vc_custom_1695029584488 pofo-button-responsive-69e043bd877c9  heading-2\"  style=\"font-size: 25px; font-style: italic; color: #000000;\" data-fontsize=\"25px\"><strong>Curiosidades, eventos, proyectos y mucho m\u00e1s...<\/strong><\/span><a  href=\"\/es\/category\/blog-es\/\" target=\"_self\" class=\"btn button_oro pofo-button-2 button-style9  btn-link text-extra-dark-gray text-deep-pink-hover pofo-button-responsive-69e043bd87833\"  style=\"color:#baa164;  border-color:#baa164; \">\u00daLTIMOS ART\u00cdCULOS<\/a><\/div><\/div><\/div><div class=\"wpb_column vc_column_container vc_col-has-fill vc_col-sm-6  col-xs-mobile-fullwidth text-center md-text-center sm-text-center xs-text-center pofo-column-responsive-69e043bd878db\"><div class=\"vc_column-inner vc_custom_1694618236912\"><div class=\"wpb_wrapper\">[vc_single_image image=\u00bb22503&#8243; img_size=\u00bb1847&#215;940&#8243;]<a  href=\"\/es\/lupak-metal-excelencia-hecha-en-italia\/\" target=\"_self\" class=\"btn text_link pofo-button-3 button-style9  btn-link text-extra-dark-gray text-deep-pink-hover  btn-extra-large  vc_custom_1695039182876\" >Lupak Metal:<br>excelencia hecha en Italia<\/a><\/div><\/div><\/div><div class=\"wpb_column vc_column_container vc_col-has-fill vc_col-sm-3  col-xs-mobile-fullwidth pofo-column-responsive-69e043bd87a2d\"><div class=\"vc_column-inner vc_custom_1694618645497\"><div class=\"wpb_wrapper\"><span class=\"text-extra-dark-gray margin-20px-bottom font-weight-600 font_custom_h display-inline-block alt-font heading-style2  heading-3\"  style=\"font-size: 30px; line-height: 35px; color: #000000;\" data-fontsize=\"30px\" data-lineheight=\"35px\"><strong>Las persianas: qu\u00e9 son, sus or\u00edgenes y su funci\u00f3n en la actualidad<\/strong><\/span><div class=\"font_custom_p  vc_custom_1695029563233 last-paragraph-no-margin\"><p>Las persianas son elementos arquitect\u00f3nicos que suelen aplicarse a las fachadas de los edificios con la funci\u00f3n de&#8230;<\/p>\n<\/div><a  href=\"\/es\/las-persianas-que-son-sus-origenes-y-su-funcion-en-la-actualidad\/\" target=\"_self\" class=\"btn button_oro pofo-button-4 button-style9  btn-link text-extra-dark-gray text-deep-pink-hover  vc_custom_1695029713952\"  style=\"color:#baa164;  border-color:#baa164; \">SIGUE LEYENDO<\/a>[vc_separator color=\u00bbcustom\u00bb accent_color=\u00bbrgba(28,28,28,0.37)\u00bb]<span class=\"text-extra-large margin-25px-bottom font_custom_h display-block alt-font heading-style3  vc_custom_1695029665249  heading-4\"  style=\"font-size: 25px; font-style: italic; color: #000000;\" data-fontsize=\"25px\"><strong>El alma del producto<\/strong><\/span><a  href=\"https:\/\/www.lupakmetal.com\/es\/15-\" target=\"_self\" class=\"btn button_oro pofo-button-5 button-style9  btn-link text-extra-dark-gray text-deep-pink-hover\"  style=\"color:#baa164;  border-color:#baa164; \">DESCUBRE M\u00c1S<\/a><\/div><\/div><\/div><\/div><\/div><\/div><\/div><\/section><section class=\"vc_row wpb_row vc_row-fluid section_custom vc_custom_1690281340520 vc_row-has-fill\"><div class=\"wpb_column vc_column_container vc_col-sm-12  col-xs-mobile-fullwidth\"><div class=\"vc_column-inner \"><div class=\"wpb_wrapper\"><div class=\"vc_row wpb_row vc_inner vc_row-fluid  vc_custom_1689771089863 vc_row-o-content-middle vc_row-flex\"><div class=\"wpb_column vc_column_container vc_col-sm-2  col-xs-mobile-fullwidth text-center md-text-center sm-text-center xs-text-center\"><div class=\"vc_column-inner \"><div class=\"wpb_wrapper\">[vc_single_image image=\u00bb23492&#8243; img_size=\u00bb80&#215;80&#8243;]<\/div><\/div><\/div><div class=\"wpb_column vc_column_container vc_col-sm-2  col-xs-mobile-fullwidth\"><div class=\"vc_column-inner \"><div class=\"wpb_wrapper\"><\/div><\/div><\/div><div class=\"wpb_column vc_column_container vc_col-sm-2  col-xs-mobile-fullwidth\"><div class=\"vc_column-inner \"><div class=\"wpb_wrapper\"><\/div><\/div><\/div><div class=\"wpb_column vc_column_container vc_col-sm-2  col-xs-mobile-fullwidth text-right md-text-right sm-text-right xs-text-right\"><div class=\"vc_column-inner \"><div class=\"wpb_wrapper\"><\/div><\/div><\/div><div class=\"wpb_column vc_column_container vc_col-sm-4  col-xs-mobile-fullwidth\"><div class=\"vc_column-inner \"><div class=\"wpb_wrapper\">[vc_raw_html]JTNDZGl2JTIwY2xhc3MlM0QlMjJjb250YWluZXJfY3VzdG9tX3F1b3RlJTIyJTNFJTBBJTNDZGl2JTIwY2xhc3MlM0QlMjJjdXN0b21fcXVvdGUlMjIlM0UlMEElM0NpbWclMjBzcmMlM0QlMjIlMkZ3cC1jb250ZW50JTJGdXBsb2FkcyUyRjIwMjMlMkYwNyUyRnZpcmdvbGV0dGExLTIucG5nJTIyJTIwYWx0JTNEJTIyJTIyJTIwY2xhc3MlM0QlMjJpY29uLWltYWdlJTIwdmlyZ29sYS1ob21lJTIyJTIwc3R5bGUlM0QlMjJtYXgtd2lkdGglM0ElMjA2MHB4JTNCbWF4LWhlaWdodCUzQSUyMDcwcHglM0JhbGlnbi1pdGVtcyUzQSUyMGNlbnRlciUyMWltcG9ydGFudCUzQnBhZGRpbmctdG9wJTNBJTIwMjBweCUzQnBhZGRpbmctbGVmdCUzQSUyMDIwcHglM0JwYWRkaW5nLXJpZ2h0JTNBJTIwMTBweCUzQiUyMG1hcmdpbi1sZWZ0JTNBJTIwMTBweCUyMiUzRSUwQSUzQ2gyJTIwY2xhc3MlM0QlMjJjdXN0b21fcXVvdGVfZm9udCUyMHRlc3RvLXZpcmdvbGEtaG9tZSUyMiUzRUV4cGVyaWVuY2lhJTJDJTIwaW52ZXN0aWdhY2klQzMlQjNuJTJDJTIwY29yYXolQzMlQjNuJTNDJTJGaDIlM0UlMEElM0MlMkZkaXYlM0U=[\/vc_raw_html]<\/div><\/div><\/div><\/div>[vc_separator color=\u00bbcustom\u00bb accent_color=\u00bbrgba(28,28,28,0.37)\u00bb css=\u00bb.vc_custom_1690276285229{padding-left: 15px !important;}\u00bb]<div class=\"vc_row wpb_row vc_inner vc_row-fluid  vc_custom_1692889326214 vc_row-o-equal-height vc_row-flex\"><div class=\"wpb_column vc_column_container vc_col-has-fill vc_col-sm-6  col-xs-mobile-fullwidth pofo-column-responsive-69e043bd881fc\"><div class=\"vc_column-inner vc_custom_1694598086618\"><div class=\"wpb_wrapper\">[vc_single_image image=\u00bb23033&#8243; img_size=\u00bblarge\u00bb css=\u00bb.vc_custom_1692883692677{padding-top: 15px !important;padding-bottom: 10px !important;}\u00bb]<span class=\"text-extra-large margin-25px-bottom font_custom_h_2 display-block alt-font heading-style3  heading-5\"  style=\"font-size: 25px; letter-spacing: 1px; color: #000000;\" data-fontsize=\"25px\"><strong>Somos la primera empresa italiana monoproducto de sistemas de persianas de aluminio perfilado y extruido<\/strong><\/span><a  href=\"https:\/\/www.lupakmetal.com\/es\/content\/4-\" target=\"_self\" class=\"btn button_oro pofo-button-6 button-style9  btn-link text-extra-dark-gray text-deep-pink-hover\"  style=\"color:#baa164;  border-color:#baa164; \">QUIENES SOMOS<\/a><\/div><\/div><\/div><div class=\"wpb_column vc_column_container vc_col-has-fill vc_col-sm-3  col-xs-mobile-fullwidth pofo-column-responsive-69e043bd8838e\"><div class=\"vc_column-inner vc_custom_1694598347244\"><div class=\"wpb_wrapper\">[vc_single_image image=\u00bb23159&#8243; img_size=\u00bbfull\u00bb css=\u00bb.vc_custom_1693318146879{padding-top: 15px !important;padding-bottom: 10px !important;}\u00bb]<span class=\"text-extra-dark-gray margin-20px-bottom font-weight-600 font_custom_h display-inline-block alt-font  pofo_font_1695029805240 heading-style2  heading-6\"  style=\"font-size: 18px;\" data-fontsize=\"18px\">Los sistemas Lupak Metal son la combinaci\u00f3n perfecta de tecnolog\u00eda, dise\u00f1o y artesan\u00eda.<\/span><a  href=\"https:\/\/www.lupakmetal.com\/es\/15-\" target=\"_self\" class=\"btn button_oro pofo-button-7 button-style9  btn-link text-extra-dark-gray text-deep-pink-hover\"  style=\"color:#baa164;  border-color:#baa164; \">PRODUCTOS<\/a><\/div><\/div><\/div><div class=\"wpb_column vc_column_container vc_col-sm-3  col-xs-mobile-fullwidth\"><div class=\"vc_column-inner vc_custom_1689757565353\"><div class=\"wpb_wrapper\">[vc_single_image image=\u00bb23074&#8243; img_size=\u00bb\u00bb css=\u00bb.vc_custom_1692887414390{padding-top: 15px !important;padding-bottom: 10px !important;}\u00bb]<span class=\"text-extra-dark-gray margin-20px-bottom font-weight-600 font_custom_h display-inline-block alt-font  pofo_font_1695029824392 heading-style2  heading-7\"  style=\"font-size: 18px;\" data-fontsize=\"18px\">Diferenciarse pensando siempre en c\u00f3mo lograr el mejor rendimiento: \u00e9ste es el ADN innovador que distingue a los productos Lupak Metal.<\/span><a  href=\"\/es\/el-alma-del-producto\/\" target=\"_self\" class=\"btn button_oro pofo-button-8 button-style9  btn-link text-extra-dark-gray text-deep-pink-hover\"  style=\"color:#baa164;  border-color:#baa164; \">DESCUBRE M\u00c1S<\/a><\/div><\/div><\/div><\/div><\/div><\/div><\/div><\/section><section class=\"vc_row wpb_row vc_row-fluid  vc_custom_1690375980800 vc_row-o-equal-height vc_row-flex\"><div class=\"wpb_column vc_column_container vc_col-sm-12  col-xs-mobile-fullwidth text-center md-text-center sm-text-center xs-text-center\"><div class=\"vc_column-inner \"><div class=\"wpb_wrapper\"><div class=\"last-paragraph-no-margin\"><div>\n    <div>\n        <div class=\"top_line\"><\/div>\n        <h3 class=\"font_custom_news\"><span class=\"custom_head\">ULTIMAS NOTICIAS<\/span><\/h3>\n        <div>\n            <div>\n                <div>\n                    <div class=\"custom_external\">\n                        <div class=\"row custom_row\">\n                            <div class=\"col-sm-3 custom_col_article_dx\">\n                                                                    <img decoding=\"async\" src=\"https:\/\/blog.lupakmetal.com\/wp-content\/uploads\/2025\/03\/novita-frangisole-lupak-metal-fiera-case-italy-2025.jpg\" class=\"custom_article_img\" alt=\"Novedades Persianas Feria Case Italy 2025 &#8211; Lupak Metal\">\n                                                                <div>\n                                    <p class=\"custom_font_date_article\">27 marzo 2025<\/p>\n                                <\/div>\n                                                                    <a href=\"https:\/\/blog.lupakmetal.com\/es\/novedades-persianas-feria-case-italy-2025\/\" class=\"custom_font_article_between\">Novedades Persianas Feria Case Italy 2025 &#8211; Lupak Metal<\/a>\n                                                                <p class=\"custom_excerpt\">Descubre las novedades sobre Persianas presentadas en la feria Case Italy 2025: nuevas tecnolog\u00edas sostenibles y dise\u00f1os innovadores. \u00a1Lee m\u00e1s!<\/p>\n                                <hr class=\"separator_article\">\n                                <h6 class=\"custom_italic_article custom_remove_padding\">Donde se crea la nueva danza entre luces y sombras.<\/h6>\n                            <\/div>\n                            <div class=\"col-sm-6 custom_article_center\">\n                                                                    <img decoding=\"async\" src=\"https:\/\/blog.lupakmetal.com\/wp-content\/uploads\/2025\/06\/COVER-BLOG-GIUGNO-2025indd.jpg\" class=\"custom_article_img\" alt=\"Un a\u00f1o lleno de eventos: todas nuestras ferias e iniciativas para 2025\">\n                                                                <div>\n                                    <p class=\"custom_font_date_article\">26 junio 2025<\/p>\n                                <\/div>\n                                                                    <a href=\"https:\/\/blog.lupakmetal.com\/es\/un-ano-lleno-de-eventos-todas-nuestras-ferias-e-iniciativas-para-2025\/\" class=\"custom_font_article_center\">Un a\u00f1o lleno de eventos: todas nuestras ferias e iniciativas para 2025<\/a>\n                                                                <p class=\"custom_excerpt\">El 2025 ser\u00e1 un a\u00f1o especialmente intenso para nosotros, con nada menos que cinco citas feriales en agenda. \u00a1Lee m\u00e1s!<\/p>\n                            <\/div>\n                            <div class=\"col-sm-3 custom_col_article_sx\">\n                                                                    <img decoding=\"async\" src=\"https:\/\/blog.lupakmetal.com\/wp-content\/uploads\/2025\/06\/domus-lupak.jpg\" class=\"custom_article_img\" alt=\"PUBLICACIONES EN DOMUS\">\n                                                                <div>\n                                    <p class=\"custom_font_date_article\">25 junio 2025<\/p>\n                                <\/div>\n                                                                    <a href=\"https:\/\/blog.lupakmetal.com\/es\/publicaciones-en-domus\/\" class=\"custom_font_article_between\">PUBLICACIONES EN DOMUS<\/a>\n                                                                <p class=\"custom_excerpt\">Comienza nuestra colaboraci\u00f3n con la hist\u00f3rica revista DOMUS, un referente internacional en arquitectura y dise\u00f1o. \u00a1Lee m\u00e1s!<\/p>\n                                <hr class=\"separator_article\">\n                                <h6 class=\"custom_italic_article\">Tecnologia, diseno y artesania.<\/h6>\n                            <\/div>\n                        <\/div>\n                    <\/div>\n                <\/div>\n            <\/div>\n        <\/div>\n    <\/div>\n<\/div>\n\n\n<\/div><\/div><\/div><\/div><\/section><section class=\"vc_row wpb_row vc_row-fluid contattaci_custom vc_custom_1694618956891 vc_row-has-fill\"><div class=\"wpb_column vc_column_container vc_col-sm-12  col-xs-mobile-fullwidth\"><div class=\"vc_column-inner \"><div class=\"wpb_wrapper\"><div class=\"vc_row wpb_row vc_inner vc_row-fluid contact_external vc_custom_1694685314283 vc_row-o-content-middle vc_row-flex pofo-inner-row-responsive-69e043bd9cf2f\"><div class=\"wpb_column vc_column_container vc_col-sm-6  col-xs-mobile-fullwidth\"><div class=\"vc_column-inner \"><div class=\"wpb_wrapper\"><span class=\"text-extra-dark-gray margin-20px-bottom font-weight-600 font_custom_h display-inline-block alt-font  pofo_font_1695029912752 heading-style2 pofo-button-responsive-69e043bd9d0cf  heading-8\"  style=\"font-size: 30px; line-height: 35px;\" data-fontsize=\"30px\" data-lineheight=\"35px\"><strong>\u00bfDesea recibir m\u00e1s informaci\u00f3n?<\/strong><\/span><\/div><\/div><\/div><div class=\"wpb_column vc_column_container col_button vc_col-sm-6  col-xs-mobile-fullwidth text-right md-text-right sm-text-right xs-text-right pofo-column-responsive-69e043bd9d164\"><div class=\"vc_column-inner \"><div class=\"wpb_wrapper\"><a  href=\"https:\/\/www.lupakmetal.com\/es\/content\/13-\" target=\"_self\" class=\"btn button_contatti pofo-button-9 button-style3  btn-transparent-black  btn-medium   vc_custom_1695029977185\"  style=\"color:#ffffff;  border-color:#baa164; \">CONT\u00c1CTANOS<\/a><\/div><\/div><\/div><\/div>[vc_separator color=\u00bbblack\u00bb]<\/div><\/div><\/div><\/section>\n","protected":false},"excerpt":{"rendered":"Novedades persianas Feria Case Italy 2025[vc_single_image image=\"24393\" img_size=\"full\" alignment=\"center\"]Feria dedicada a la envolvente del edificio: novedades de Lupak Metal Como empresa italiana especializada en la producci\u00f3n de persianas de alta calidad, en Lupak Metal buscamos constantemente soluciones innovadoras para el sector de la construcci\u00f3n y la arquitectura. En la feria Case Italy de B\u00e9rgamo 2025, presentamos nuestras \u00faltimas innovaciones, resultado del trabajo de nuestro departamento de Investigaci\u00f3n y Desarrollo. Nuevos productos e innovaciones en los sistemas de persianas Lupak Metal En este art\u00edculo, presentamos las principales novedades exhibidas en la feria, desde mejoras en t\u00e9rminos de eficiencia y resistencia de los sistemas hasta nuevos accesorios y funcionalidades dise\u00f1ados para responder a las necesidades de sostenibilidad, seguridad y personalizaci\u00f3n. Lupak Metal sigue posicion\u00e1ndose como un referente en el sector del dise\u00f1o de persianas, ofreciendo productos que combinan innovaci\u00f3n, dise\u00f1o y sostenibilidad. LUME PRO: persianas con cadena con un nuevo dise\u00f1o Uno de los principales productos innovadores presentados es LUME PRO, la evoluci\u00f3n de LUME, una persiana con cadena de aluminio extruido que ofrece un dise\u00f1o completamente renovado. La novedad principal se encuentra en la lama, con un grosor de 13\/10, que garantiza una mejora significativa en el oscurecimiento de los espacios....","protected":false},"author":1,"featured_media":0,"parent":0,"menu_order":0,"comment_status":"closed","ping_status":"closed","template":"","meta":{"footnotes":""},"class_list":["post-23287","page","type-page","status-publish","hentry"],"yoast_head":"<!-- This site is optimized with the Yoast SEO plugin v23.8 - https:\/\/yoast.com\/wordpress\/plugins\/seo\/ -->\n<title>Dise\u00f1o de sistemas de persianas Made In Italy - Lupak Metal<\/title>\n<meta name=\"description\" content=\"Lupak Metal se dedica al dise\u00f1o y la producci\u00f3n de sistemas de persianas empotrables y ajustables de cadena.\" \/>\n<meta name=\"robots\" content=\"index, follow, max-snippet:-1, max-image-preview:large, max-video-preview:-1\" \/>\n<link rel=\"canonical\" href=\"https:\/\/blog.lupakmetal.com\/es\/\" \/>\n<meta property=\"og:locale\" content=\"es_ES\" \/>\n<meta property=\"og:type\" content=\"article\" \/>\n<meta property=\"og:title\" content=\"Dise\u00f1o de sistemas de persianas Made In Italy - Lupak Metal\" \/>\n<meta property=\"og:description\" content=\"Lupak Metal se dedica al dise\u00f1o y la producci\u00f3n de sistemas de persianas empotrables y ajustables de cadena.\" \/>\n<meta property=\"og:url\" content=\"https:\/\/blog.lupakmetal.com\/es\/\" \/>\n<meta property=\"og:site_name\" content=\"Lupak Metal\" \/>\n<meta property=\"article:modified_time\" content=\"2025-02-05T11:07:12+00:00\" \/>\n<meta name=\"twitter:card\" content=\"summary_large_image\" \/>\n<meta name=\"twitter:label1\" content=\"Tiempo de lectura\" \/>\n\t<meta name=\"twitter:data1\" content=\"4 minutos\" \/>\n<script type=\"application\/ld+json\" class=\"yoast-schema-graph\">{\"@context\":\"https:\/\/schema.org\",\"@graph\":[{\"@type\":\"WebPage\",\"@id\":\"https:\/\/blog.lupakmetal.com\/es\/\",\"url\":\"https:\/\/blog.lupakmetal.com\/es\/\",\"name\":\"Dise\u00f1o de sistemas de persianas Made In Italy - Lupak Metal\",\"isPartOf\":{\"@id\":\"https:\/\/blog.lupakmetal.com\/#website\"},\"datePublished\":\"2023-07-18T14:53:27+00:00\",\"dateModified\":\"2025-02-05T11:07:12+00:00\",\"description\":\"Lupak Metal se dedica al dise\u00f1o y la producci\u00f3n de sistemas de persianas empotrables y ajustables de cadena.\",\"breadcrumb\":{\"@id\":\"https:\/\/blog.lupakmetal.com\/es\/#breadcrumb\"},\"inLanguage\":\"es\",\"potentialAction\":[{\"@type\":\"ReadAction\",\"target\":[\"https:\/\/blog.lupakmetal.com\/es\/\"]}]},{\"@type\":\"BreadcrumbList\",\"@id\":\"https:\/\/blog.lupakmetal.com\/es\/#breadcrumb\",\"itemListElement\":[{\"@type\":\"ListItem\",\"position\":1,\"name\":\"Home\",\"item\":\"https:\/\/blog.lupakmetal.com\/es\/\"},{\"@type\":\"ListItem\",\"position\":2,\"name\":\"Homepage\"}]},{\"@type\":\"WebSite\",\"@id\":\"https:\/\/blog.lupakmetal.com\/#website\",\"url\":\"https:\/\/blog.lupakmetal.com\/\",\"name\":\"Lupak Metal\",\"description\":\"\",\"potentialAction\":[{\"@type\":\"SearchAction\",\"target\":{\"@type\":\"EntryPoint\",\"urlTemplate\":\"https:\/\/blog.lupakmetal.com\/?s={search_term_string}\"},\"query-input\":{\"@type\":\"PropertyValueSpecification\",\"valueRequired\":true,\"valueName\":\"search_term_string\"}}],\"inLanguage\":\"es\"}]}<\/script>\n<!-- \/ Yoast SEO plugin. -->","yoast_head_json":{"title":"Dise\u00f1o de sistemas de persianas Made In Italy - Lupak Metal","description":"Lupak Metal se dedica al dise\u00f1o y la producci\u00f3n de sistemas de persianas empotrables y ajustables de cadena.","robots":{"index":"index","follow":"follow","max-snippet":"max-snippet:-1","max-image-preview":"max-image-preview:large","max-video-preview":"max-video-preview:-1"},"canonical":"https:\/\/blog.lupakmetal.com\/es\/","og_locale":"es_ES","og_type":"article","og_title":"Dise\u00f1o de sistemas de persianas Made In Italy - Lupak Metal","og_description":"Lupak Metal se dedica al dise\u00f1o y la producci\u00f3n de sistemas de persianas empotrables y ajustables de cadena.","og_url":"https:\/\/blog.lupakmetal.com\/es\/","og_site_name":"Lupak Metal","article_modified_time":"2025-02-05T11:07:12+00:00","twitter_card":"summary_large_image","twitter_misc":{"Tiempo de lectura":"4 minutos"},"schema":{"@context":"https:\/\/schema.org","@graph":[{"@type":"WebPage","@id":"https:\/\/blog.lupakmetal.com\/es\/","url":"https:\/\/blog.lupakmetal.com\/es\/","name":"Dise\u00f1o de sistemas de persianas Made In Italy - Lupak Metal","isPartOf":{"@id":"https:\/\/blog.lupakmetal.com\/#website"},"datePublished":"2023-07-18T14:53:27+00:00","dateModified":"2025-02-05T11:07:12+00:00","description":"Lupak Metal se dedica al dise\u00f1o y la producci\u00f3n de sistemas de persianas empotrables y ajustables de cadena.","breadcrumb":{"@id":"https:\/\/blog.lupakmetal.com\/es\/#breadcrumb"},"inLanguage":"es","potentialAction":[{"@type":"ReadAction","target":["https:\/\/blog.lupakmetal.com\/es\/"]}]},{"@type":"BreadcrumbList","@id":"https:\/\/blog.lupakmetal.com\/es\/#breadcrumb","itemListElement":[{"@type":"ListItem","position":1,"name":"Home","item":"https:\/\/blog.lupakmetal.com\/es\/"},{"@type":"ListItem","position":2,"name":"Homepage"}]},{"@type":"WebSite","@id":"https:\/\/blog.lupakmetal.com\/#website","url":"https:\/\/blog.lupakmetal.com\/","name":"Lupak Metal","description":"","potentialAction":[{"@type":"SearchAction","target":{"@type":"EntryPoint","urlTemplate":"https:\/\/blog.lupakmetal.com\/?s={search_term_string}"},"query-input":{"@type":"PropertyValueSpecification","valueRequired":true,"valueName":"search_term_string"}}],"inLanguage":"es"}]}},"_links":{"self":[{"href":"https:\/\/blog.lupakmetal.com\/es\/wp-json\/wp\/v2\/pages\/23287","targetHints":{"allow":["GET"]}}],"collection":[{"href":"https:\/\/blog.lupakmetal.com\/es\/wp-json\/wp\/v2\/pages"}],"about":[{"href":"https:\/\/blog.lupakmetal.com\/es\/wp-json\/wp\/v2\/types\/page"}],"author":[{"embeddable":true,"href":"https:\/\/blog.lupakmetal.com\/es\/wp-json\/wp\/v2\/users\/1"}],"replies":[{"embeddable":true,"href":"https:\/\/blog.lupakmetal.com\/es\/wp-json\/wp\/v2\/comments?post=23287"}],"version-history":[{"count":12,"href":"https:\/\/blog.lupakmetal.com\/es\/wp-json\/wp\/v2\/pages\/23287\/revisions"}],"predecessor-version":[{"id":24348,"href":"https:\/\/blog.lupakmetal.com\/es\/wp-json\/wp\/v2\/pages\/23287\/revisions\/24348"}],"wp:attachment":[{"href":"https:\/\/blog.lupakmetal.com\/es\/wp-json\/wp\/v2\/media?parent=23287"}],"curies":[{"name":"wp","href":"https:\/\/api.w.org\/{rel}","templated":true}]}}